{"id":19,"date":"2016-11-03T15:19:14","date_gmt":"2016-11-03T15:19:14","guid":{"rendered":"https:\/\/logictrade.co\/web_2025\/?page_id=19"},"modified":"2026-03-15T22:49:16","modified_gmt":"2026-03-16T03:49:16","slug":"quienesomos","status":"publish","type":"page","link":"https:\/\/logictrade.co\/web_2025\/quienesomos\/","title":{"rendered":"Qui\u00e9nes Somos"},"content":{"rendered":"<div class=\"wpb-content-wrapper\"><p>[vc_row full_width=\u00bbstretch_row\u00bb css=\u00bb.vc_custom_1478525086569{background-image: url(https:\/\/logictrade.co\/web_2025\/wp-content\/uploads\/2016\/11\/bg-2-copyright.jpg?id=499) !important;background-position: 0 0 !important;background-repeat: no-repeat !important;}\u00bb][vc_column][vc_empty_space height=\u00bb2em\u00bb alter_height=\u00bbnone\u00bb hide_on_mobile=\u00bb\u00bb][\/vc_column][\/vc_row][vc_row full_width=\u00bbstretch_row\u00bb css=\u00bb.vc_custom_1478525086569{background-image: url(https:\/\/logictrade.co\/web_2025\/wp-content\/uploads\/2016\/11\/bg-2-copyright.jpg?id=499) !important;background-position: 0 0 !important;background-repeat: no-repeat !important;}\u00bb][vc_column width=\u00bb1\/2&#8243;]<div  id=\"sc_promo_761891212\" \n\tclass=\"sc_promo sc_promo_default sc_promo_size_small sc_promo_no_image\"><div class=\"sc_promo_text\" style=\"width: 100%;\">\n\t\t\t<div class=\"sc_promo_text_inner\" style=\"\"><h2 class=\"sc_item_title sc_promo_title sc_align_default sc_item_title_style_default\">\u00bfQui\u00e9nes somos?<\/h2><div class=\"sc_item_descr sc_promo_descr sc_align_default\"><div style=\"text-align: justify; text-align-last: left;\"> Logic Trade fue fundada en 2016 en Bogot\u00e1, Colombia, con un equipo de profesionales en el \u00e1rea de comercio exterior exportando materiales pl\u00e1sticos recuperados. En 2018, Logic Trade se certifica como Comercializadora Internacional Mipymes, ampliando su oferta exportable e implementando la oferta de servicios log\u00edsticos en el \u00e1rea de Comercio Exterior. Brindamos servicios de alta calidad, eficiencia y seguridad en las operaciones de comercio exterior ofreciendo soluciones integrales para empresas que buscan expandir sus operaciones globalmente.\n<\/div><\/div><\/div>\n\t\t<\/div><!-- \/.sc_promo_text --><\/div><!-- \/.sc_promo -->[\/vc_column][vc_column width=\u00bb1\/2&#8243;][vc_empty_space height=\u00bb7em\u00bb alter_height=\u00bbnone\u00bb hide_on_mobile=\u00bb\u00bb][vc_video link=\u00bbhttps:\/\/youtu.be\/BTwTh86w_Uk\u00bb css=\u00bb\u00bb][vc_empty_space height=\u00bb2em\u00bb alter_height=\u00bbnone\u00bb hide_on_mobile=\u00bb\u00bb][\/vc_column][\/vc_row][vc_row full_width=\u00bbstretch_row\u00bb css=\u00bb.vc_custom_1478525086569{background-image: url(https:\/\/logictrade.co\/web_2025\/wp-content\/uploads\/2016\/11\/bg-2-copyright.jpg?id=499) !important;background-position: 0 0 !important;background-repeat: no-repeat !important;}\u00bb][vc_column width=\u00bb1\/2&#8243;][vc_empty_space height=\u00bb2em\u00bb alter_height=\u00bbnone\u00bb hide_on_mobile=\u00bb\u00bb][vc_single_image image=\u00bb1664&#8243; img_size=\u00bb1500&#215;1500&#8243; alignment=\u00bbcenter\u00bb css=\u00bb\u00bb][vc_empty_space height=\u00bb2em\u00bb alter_height=\u00bbnone\u00bb hide_on_mobile=\u00bb\u00bb][\/vc_column][vc_column width=\u00bb1\/2&#8243;]<div  id=\"sc_promo_874473704\" \n\tclass=\"sc_promo sc_promo_default sc_promo_size_small sc_promo_no_image\"><div class=\"sc_promo_text\" style=\"width: 100%;\">\n\t\t\t<div class=\"sc_promo_text_inner\" style=\"\"><h2 class=\"sc_item_title sc_promo_title sc_align_default sc_item_title_style_default\">\u00bfC\u00f3mo lo hacemos?<\/h2><div class=\"sc_item_descr sc_promo_descr sc_align_default\"><div style=\"text-align: justify; text-align-last: left;\">\n Transformamos cada operaci\u00f3n log\u00edstica en un plan estrat\u00e9gico dise\u00f1ado junto a usted. Analizamos cada detalle a fondo para garantizar un nivel de servicio superior, totalmente personalizado y escalable seg\u00fan las exigencias y el ritmo de crecimiento de su negocio\n<\/div><\/div><\/div>\n\t\t<\/div><!-- \/.sc_promo_text --><\/div><!-- \/.sc_promo -->[\/vc_column][\/vc_row][vc_row full_width=\u00bbstretch_row\u00bb css=\u00bb.vc_custom_1768802668134{background-image: url(https:\/\/logictrade.co\/web_2025\/wp-content\/uploads\/2026\/01\/WhatsApp-Image-2025-10-28-at-10.jpg?id=1670) !important;}\u00bb][vc_column]<div id=\"sc_skills_2070246771\"\n\t\tclass=\"sc_skills sc_skills_counter\"\n\t\t\t\tdata-type=\"counter\"\n\t\t><div class=\"sc_skills_columns sc_item_columns trx_addons_columns_wrap columns_padding_bottom\"><div class=\"sc_skills_column trx_addons_column-1_3\"><div class=\"sc_skills_item_wrap\"><div class=\"sc_skills_item\"><div class=\"sc_skills_icon icon-1\"><\/div><div class=\"sc_skills_total\" data-start=\"0\" data-stop=\"50\" data-step=\"4\" data-max=\"400\" data-speed=\"24\" data-duration=\"300\" data-ed=\"\">0<\/div><\/div><div class=\"sc_skills_item_title\">Clientes<\/div><\/div><\/div><div class=\"sc_skills_column trx_addons_column-1_3\"><div class=\"sc_skills_item_wrap\"><div class=\"sc_skills_item\"><div class=\"sc_skills_icon icon-2\"><\/div><div class=\"sc_skills_total\" data-start=\"0\" data-stop=\"600\" data-step=\"4\" data-max=\"400\" data-speed=\"40\" data-duration=\"6000\" data-ed=\"\">0<\/div><\/div><div class=\"sc_skills_item_title\">Importaciones<\/div><\/div><\/div><div class=\"sc_skills_column trx_addons_column-1_3\"><div class=\"sc_skills_item_wrap\"><div class=\"sc_skills_item\"><div class=\"sc_skills_icon icon-sphere\"><\/div><div class=\"sc_skills_total\" data-start=\"0\" data-stop=\"1000\" data-step=\"4\" data-max=\"400\" data-speed=\"38\" data-duration=\"9500\" data-ed=\"\">0<\/div><\/div><div class=\"sc_skills_item_title\">Exportaciones<\/div><\/div><\/div><\/div><\/div>[\/vc_column][\/vc_row][vc_row full_width=\u00bbstretch_row\u00bb css=\u00bb.vc_custom_1478525086569{background-image: url(https:\/\/logictrade.co\/web_2025\/wp-content\/uploads\/2016\/11\/bg-2-copyright.jpg?id=499) !important;background-position: 0 0 !important;background-repeat: no-repeat !important;}\u00bb][vc_column width=\u00bb1\/2&#8243;][vc_empty_space height=\u00bb4em\u00bb alter_height=\u00bbnone\u00bb hide_on_mobile=\u00bb\u00bb][vc_column_text css=\u00bb\u00bb]<\/p>\n<h1><strong>Nuestra Experiencia<\/strong><\/h1>\n<p>[\/vc_column_text][vc_column_text css=\u00bb\u00bb]<\/p>\n<h3><strong>Contamos con amplia experiencia en:<\/strong><\/h3>\n<p>[\/vc_column_text][vc_empty_space height=\u00bb2em\u00bb alter_height=\u00bbnone\u00bb hide_on_mobile=\u00bb\u00bb][vc_column_text css=\u00bb\u00bb]<\/p>\n<ul type=\"disc\">\n<li class=\"v1m_-5524306503711482921MsoListParagraph\"><span lang=\"ES\">Importaci\u00f3n\u00a0<\/span>Luminarias para alumbrado p\u00fablico<span lang=\"ES\">\u00a0y semaforizaci\u00f3n.<\/span><u><\/u><u><\/u><\/li>\n<li class=\"v1m_-5524306503711482921MsoListParagraph\"><span lang=\"ES\">Importaci\u00f3n\u00a0<\/span>Elementos de tecnolog\u00eda<span lang=\"ES\">\u00a0(Claro)<\/span><\/li>\n<li class=\"v1m_-5524306503711482921MsoListParagraph\"><span lang=\"ES\">Importaci\u00f3n T<\/span>ejas PC, UPVC.<u><\/u><u><\/u><\/li>\n<li class=\"v1m_-5524306503711482921MsoListParagraph\"><span lang=\"ES\">Importaci\u00f3n\u00a0<\/span>Maquinaria para tratamientos de res\u00edduos<\/li>\n<li class=\"v1m_-5524306503711482921MsoListParagraph\"><span lang=\"ES\">Importaci\u00f3n Maquinaria agr\u00edcola<\/span><\/li>\n<li class=\"v1m_-5524306503711482921MsoListParagraph\"><span lang=\"ES\">Exportaci\u00f3n e importaci\u00f3n cargas a\u00e9reas<\/span><\/li>\n<li class=\"v1m_-5524306503711482921MsoListParagraph\"><span lang=\"ES\">Exportaci\u00f3n Aceite usado de cocina (UCO) en isotanques<\/span><\/li>\n<li class=\"v1m_-5524306503711482921MsoListParagraph\"><span lang=\"ES\">Exportaci\u00f3n Aceite recuperado en flexitanques<\/span><\/li>\n<li class=\"v1m_-5524306503711482921MsoListParagraph\"><span lang=\"ES\">Exportaci\u00f3n metales no ferrosos<\/span><\/li>\n<li class=\"v1m_-5524306503711482921MsoListParagraph\"><span lang=\"ES\">Exportaci\u00f3n maquinaria industrial<\/span><\/li>\n<li class=\"v1m_-5524306503711482921MsoListParagraph\"><span lang=\"ES\">Exportaci\u00f3n de madera<\/span><\/li>\n<\/ul>\n<p>[\/vc_column_text][vc_empty_space height=\u00bb4em\u00bb alter_height=\u00bbnone\u00bb hide_on_mobile=\u00bb\u00bb][\/vc_column][vc_column width=\u00bb1\/2&#8243;][vc_empty_space height=\u00bb4em\u00bb alter_height=\u00bbnone\u00bb hide_on_mobile=\u00bb\u00bb][vc_single_image image=\u00bb1623&#8243; img_size=\u00bb1500&#215;1000&#8243; alignment=\u00bbcenter\u00bb css=\u00bb\u00bb][vc_empty_space height=\u00bb2em\u00bb alter_height=\u00bbnone\u00bb hide_on_mobile=\u00bb\u00bb][\/vc_column][\/vc_row][vc_row full_width=\u00bbstretch_row\u00bb css=\u00bb.vc_custom_1769752256392{background-color: #f7f6f2 !important;}\u00bb][vc_column][vc_empty_space height=\u00bb4em\u00bb alter_height=\u00bbnone\u00bb hide_on_mobile=\u00bb\u00bb][vc_wp_text]<!-- Leaflet CSS --><\/p>\n<style>\n        * {<br \/>            margin: 0;<br \/>            padding: 0;<br \/>            box-sizing: border-box;<br \/>        }<\/p>\n<p>        body {<br \/>            font-family: -apple-system, BlinkMacSystemFont, 'Segoe UI', Roboto, Oxygen, Ubuntu, Cantarell, sans-serif;<br \/>        }<\/p>\n<p>        .map-container {<br \/>            width: 100%;<br \/>            min-height: 100vh;<br \/>            display: flex;<br \/>            flex-direction: column;<br \/>            background: linear-gradient(135deg, #e0f2fe 0%, #ddd6fe 100%);<br \/>        }<\/p>\n<p>        .header {<br \/>            background: linear-gradient(90deg, #2563eb 0%, #4f46e5 50%, #7c3aed 100%);<br \/>            color: white;<br \/>            padding: 2rem 1.5rem;<br \/>            text-align: center;<br \/>            box-shadow: 0 10px 15px -3px rgba(0, 0, 0, 0.1);<br \/>        }<\/p>\n<p>        .header h1 {<br \/>            font-size: 2rem;<br \/>            font-weight: bold;<br \/>            letter-spacing: 0.05em;<br \/>            margin-bottom: 0.5rem;<br \/>        }<\/p>\n<p>        .header p {<br \/>            color: #bfdbfe;<br \/>            font-size: 0.875rem;<br \/>            margin-top: 0.5rem;<br \/>        }<\/p>\n<p>        .map-wrapper {<br \/>            flex: 1;<br \/>            padding: 1.5rem;<br \/>            display: flex;<br \/>            align-items: stretch;<br \/>        }<\/p>\n<p>        .map-inner {<br \/>            width: 100%;<br \/>            border-radius: 1rem;<br \/>            overflow: hidden;<br \/>            box-shadow: 0 25px 50px -12px rgba(0, 0, 0, 0.25);<br \/>            border: 4px solid white;<br \/>            min-height: 500px;<br \/>        }<\/p>\n<p>        #map {<br \/>            width: 100%;<br \/>            height: 100%;<br \/>            min-height: 500px;<br \/>        }<\/p>\n<p>        .footer {<br \/>            background: linear-gradient(90deg, #7c3aed 0%, #4f46e5 50%, #2563eb 100%);<br \/>            color: white;<br \/>            padding: 1.5rem;<br \/>            text-align: center;<br \/>            box-shadow: 0 -10px 15px -3px rgba(0, 0, 0, 0.1);<br \/>        }<\/p>\n<p>        .footer-content {<br \/>            display: flex;<br \/>            justify-content: center;<br \/>            align-items: center;<br \/>            gap: 3rem;<br \/>            flex-wrap: wrap;<br \/>        }<\/p>\n<p>        .location-item {<br \/>            display: flex;<br \/>            align-items: center;<br \/>            gap: 0.5rem;<br \/>            font-weight: 600;<br \/>        }<\/p>\n<p>        .location-emoji {<br \/>            font-size: 1.5rem;<br \/>        }<\/p>\n<p>        .divider {<br \/>            width: 1px;<br \/>            height: 1.5rem;<br \/>            background-color: rgba(255, 255, 255, 0.3);<br \/>        }<\/p>\n<p>        \/* Responsive *\/<br \/>        @media (max-width: 768px) {<br \/>            .header h1 {<br \/>                font-size: 1.5rem;<br \/>            }<\/p>\n<p>            .map-wrapper {<br \/>                padding: 1rem;<br \/>            }<\/p>\n<p>            .footer-content {<br \/>                gap: 1.5rem;<br \/>            }<\/p>\n<p>            .divider {<br \/>                display: none;<br \/>            }<br \/>        }<\/p>\n<p>        \/* Custom Popup Styles *\/<br \/>        .leaflet-popup-content-wrapper {<br \/>            border-radius: 0.5rem;<br \/>            box-shadow: 0 10px 15px -3px rgba(0, 0, 0, 0.1);<br \/>        }<\/p>\n<p>        .popup-content {<br \/>            text-align: center;<br \/>            padding: 0.75rem;<br \/>        }<\/p>\n<p>        .popup-content h3 {<br \/>            font-weight: bold;<br \/>            font-size: 1.125rem;<br \/>            margin-bottom: 0.5rem;<br \/>            color: #0066cc;<br \/>        }<\/p>\n<p>        .popup-content p {<br \/>            font-size: 0.875rem;<br \/>            margin: 0;<br \/>            color: #333;<br \/>        }<br \/>    <\/style>\n<div class=\"map-container\">\n<p><!-- Header --><\/p>\n<header class=\"header\">\n<h1>&#x1f30d; Nuestra Presencia Global<\/h1>\n<\/header>\n<\/div>\n<p>[\/vc_wp_text][vc_single_image image=\u00bb2035&#8243; img_size=\u00bb1920&#215;1080&#8243; css=\u00bb\u00bb][vc_empty_space height=\u00bb8em\u00bb alter_height=\u00bbnone\u00bb hide_on_mobile=\u00bb\u00bb][\/vc_column][\/vc_row][vc_row full_width=\u00bbstretch_row\u00bb disable_element=\u00bbyes\u00bb css=\u00bb.vc_custom_1741555530081{background-color: #f7f6f2 !important;}\u00bb][vc_column][vc_empty_space height=\u00bb10.4em\u00bb alter_height=\u00bbnone\u00bb hide_on_mobile=\u00bb\u00bb]<div  id=\"sc_testimonials_811738564\"            class=\"sc_testimonials sc_testimonials_default swiper-slider-container slider_swiper slider_noresize slider_nocontrols slider_nopagination\" data-slides-per-view=\"2\" data-slides-space=\"30\" data-interval=\"0\" data-slides-min-width=\"150\"\t\t>\n\t\t<h6 class=\"sc_item_subtitle sc_testimonials_subtitle sc_align_center sc_item_title_style_default\">Our clients say<\/h6><h2 class=\"sc_item_title sc_testimonials_title sc_align_center sc_item_title_style_default\">Testimonials<\/h2><div class=\"sc_testimonials_slider sc_item_slider slides swiper-wrapper\"><div class=\"swiper-slide\"><div class=\"sc_testimonials_item\">\n\t<div class=\"sc_testimonials_item_content\"><p>I am so pleased with this company\u2019s service. It is so great to work with an adviser who is truly interested in their client\u2019s needs, goals and preferences. <\/p>\n<\/div>\n\t<div class=\"sc_testimonials_item_author\">\n\t\t\t\t\t<div class=\"sc_testimonials_item_author_avatar\"><img decoding=\"async\" width=\"90\" height=\"90\" src=\"https:\/\/logictrade.co\/web_2025\/wp-content\/uploads\/2016\/11\/team-2-copyright-90x90.jpg\" class=\"attachment-translogic-thumb-tiny size-translogic-thumb-tiny wp-post-image\" alt=\"Ronald Dowson\" srcset=\"https:\/\/logictrade.co\/web_2025\/wp-content\/uploads\/2016\/11\/team-2-copyright-90x90.jpg 90w, https:\/\/logictrade.co\/web_2025\/wp-content\/uploads\/2016\/11\/team-2-copyright-300x300.jpg 300w, https:\/\/logictrade.co\/web_2025\/wp-content\/uploads\/2016\/11\/team-2-copyright-150x150.jpg 150w, https:\/\/logictrade.co\/web_2025\/wp-content\/uploads\/2016\/11\/team-2-copyright-370x370.jpg 370w, https:\/\/logictrade.co\/web_2025\/wp-content\/uploads\/2016\/11\/team-2-copyright.jpg 693w\" sizes=\"(max-width: 90px) 100vw, 90px\" \/><\/div>\n\t\t\t\t<div class=\"sc_testimonials_item_author_data\">\n\t\t\t<h4 class=\"sc_testimonials_item_author_title\">Ronald Dowson<\/h4>\n\t\t\t<div class=\"sc_testimonials_item_author_subtitle\">Customer<\/div>\n\t\t<\/div>\n\t<\/div>\n<\/div>\n<\/div><div class=\"swiper-slide\"><div class=\"sc_testimonials_item\">\n\t<div class=\"sc_testimonials_item_content\"><p>I want to express how grateful I am for the work you have done for my family over the past years. I am absolutely pleased with your company\u2019s services. <\/p>\n<\/div>\n\t<div class=\"sc_testimonials_item_author\">\n\t\t\t\t\t<div class=\"sc_testimonials_item_author_avatar\"><img decoding=\"async\" width=\"90\" height=\"90\" src=\"https:\/\/logictrade.co\/web_2025\/wp-content\/uploads\/2016\/11\/testimonial-3-copyright-90x90.jpg\" class=\"attachment-translogic-thumb-tiny size-translogic-thumb-tiny wp-post-image\" alt=\"Sara\tGarcia\" srcset=\"https:\/\/logictrade.co\/web_2025\/wp-content\/uploads\/2016\/11\/testimonial-3-copyright-90x90.jpg 90w, https:\/\/logictrade.co\/web_2025\/wp-content\/uploads\/2016\/11\/testimonial-3-copyright-300x300.jpg 300w, https:\/\/logictrade.co\/web_2025\/wp-content\/uploads\/2016\/11\/testimonial-3-copyright-150x150.jpg 150w, https:\/\/logictrade.co\/web_2025\/wp-content\/uploads\/2016\/11\/testimonial-3-copyright-370x370.jpg 370w, https:\/\/logictrade.co\/web_2025\/wp-content\/uploads\/2016\/11\/testimonial-3-copyright.jpg 500w\" sizes=\"(max-width: 90px) 100vw, 90px\" \/><\/div>\n\t\t\t\t<div class=\"sc_testimonials_item_author_data\">\n\t\t\t<h4 class=\"sc_testimonials_item_author_title\">Sara\tGarcia<\/h4>\n\t\t\t<div class=\"sc_testimonials_item_author_subtitle\">Customer<\/div>\n\t\t<\/div>\n\t<\/div>\n<\/div>\n<\/div><div class=\"swiper-slide\"><div class=\"sc_testimonials_item\">\n\t<div class=\"sc_testimonials_item_content\"><p>In this company they have assembled only certified and experiences employees who stand behind their promise to deliver quality and timely services. <\/p>\n<\/div>\n\t<div class=\"sc_testimonials_item_author\">\n\t\t\t\t\t<div class=\"sc_testimonials_item_author_avatar\"><img decoding=\"async\" width=\"90\" height=\"90\" src=\"https:\/\/logictrade.co\/web_2025\/wp-content\/uploads\/2016\/11\/team-4-copyright-90x90.jpg\" class=\"attachment-translogic-thumb-tiny size-translogic-thumb-tiny wp-post-image\" alt=\"Doug Ramsey\" srcset=\"https:\/\/logictrade.co\/web_2025\/wp-content\/uploads\/2016\/11\/team-4-copyright-90x90.jpg 90w, https:\/\/logictrade.co\/web_2025\/wp-content\/uploads\/2016\/11\/team-4-copyright-300x300.jpg 300w, https:\/\/logictrade.co\/web_2025\/wp-content\/uploads\/2016\/11\/team-4-copyright-150x150.jpg 150w, https:\/\/logictrade.co\/web_2025\/wp-content\/uploads\/2016\/11\/team-4-copyright-370x370.jpg 370w, https:\/\/logictrade.co\/web_2025\/wp-content\/uploads\/2016\/11\/team-4-copyright.jpg 657w\" sizes=\"(max-width: 90px) 100vw, 90px\" \/><\/div>\n\t\t\t\t<div class=\"sc_testimonials_item_author_data\">\n\t\t\t<h4 class=\"sc_testimonials_item_author_title\">Doug Ramsey<\/h4>\n\t\t\t<div class=\"sc_testimonials_item_author_subtitle\">Customer<\/div>\n\t\t<\/div>\n\t<\/div>\n<\/div>\n<\/div><\/div><\/div><!-- \/.sc_testimonials -->[vc_empty_space height=\u00bb13.7em\u00bb alter_height=\u00bbnone\u00bb hide_on_mobile=\u00bb\u00bb][\/vc_column][\/vc_row]<\/p>\n<\/div>","protected":false},"excerpt":{"rendered":"<p>[vc_row full_width=\u00bbstretch_row\u00bb css=\u00bb.vc_custom_1478525086569{background-image: url(https:\/\/logictrade.co\/web_2025\/wp-content\/uploads\/2016\/11\/bg-2-copyright.jpg?id=499) !important;background-position: 0 0 !important;background-repeat: no-repeat !important;}\u00bb][vc_column][vc_empty_space height=\u00bb2em\u00bb alter_height=\u00bbnone\u00bb hide_on_mobile=\u00bb\u00bb][\/vc_column][\/vc_row][vc_row full_width=\u00bbstretch_row\u00bb css=\u00bb.vc_custom_1478525086569{background-image: url(https:\/\/logictrade.co\/web_2025\/wp-content\/uploads\/2016\/11\/bg-2-copyright.jpg?id=499) !important;background-position: 0 0 !important;background-repeat: no-repeat !important;}\u00bb][vc_column width=\u00bb1\/2&#8243;][\/vc_column][vc_column width=\u00bb1\/2&#8243;][vc_empty_space height=\u00bb7em\u00bb alter_height=\u00bbnone\u00bb hide_on_mobile=\u00bb\u00bb][vc_video link=\u00bbhttps:\/\/youtu.be\/BTwTh86w_Uk\u00bb css=\u00bb\u00bb][vc_empty_space height=\u00bb2em\u00bb alter_height=\u00bbnone\u00bb hide_on_mobile=\u00bb\u00bb][\/vc_column][\/vc_row][vc_row full_width=\u00bbstretch_row\u00bb css=\u00bb.vc_custom_1478525086569{background-image: url(https:\/\/logictrade.co\/web_2025\/wp-content\/uploads\/2016\/11\/bg-2-copyright.jpg?id=499) !important;background-position: 0 0 !important;background-repeat: no-repeat !important;}\u00bb][vc_column width=\u00bb1\/2&#8243;][vc_empty_space height=\u00bb2em\u00bb alter_height=\u00bbnone\u00bb hide_on_mobile=\u00bb\u00bb][vc_single_image image=\u00bb1664&#8243; img_size=\u00bb1500&#215;1500&#8243; alignment=\u00bbcenter\u00bb css=\u00bb\u00bb][vc_empty_space height=\u00bb2em\u00bb alter_height=\u00bbnone\u00bb hide_on_mobile=\u00bb\u00bb][\/vc_column][vc_column width=\u00bb1\/2&#8243;][\/vc_column][\/vc_row][vc_row full_width=\u00bbstretch_row\u00bb css=\u00bb.vc_custom_1768802668134{background-image: url(https:\/\/logictrade.co\/web_2025\/wp-content\/uploads\/2026\/01\/WhatsApp-Image-2025-10-28-at-10.jpg?id=1670) !important;}\u00bb][vc_column][\/vc_column][\/vc_row][vc_row full_width=\u00bbstretch_row\u00bb css=\u00bb.vc_custom_1478525086569{background-image: url(https:\/\/logictrade.co\/web_2025\/wp-content\/uploads\/2016\/11\/bg-2-copyright.jpg?id=499)&hellip;<\/p>\n","protected":false},"author":1,"featured_media":2136,"parent":0,"menu_order":0,"comment_status":"closed","ping_status":"closed","template":"","meta":{"footnotes":""},"class_list":["post-19","page","type-page","status-publish","has-post-thumbnail","hentry"],"_links":{"self":[{"href":"https:\/\/logictrade.co\/web_2025\/wp-json\/wp\/v2\/pages\/19","targetHints":{"allow":["GET"]}}],"collection":[{"href":"https:\/\/logictrade.co\/web_2025\/wp-json\/wp\/v2\/pages"}],"about":[{"href":"https:\/\/logictrade.co\/web_2025\/wp-json\/wp\/v2\/types\/page"}],"author":[{"embeddable":true,"href":"https:\/\/logictrade.co\/web_2025\/wp-json\/wp\/v2\/users\/1"}],"replies":[{"embeddable":true,"href":"https:\/\/logictrade.co\/web_2025\/wp-json\/wp\/v2\/comments?post=19"}],"version-history":[{"count":78,"href":"https:\/\/logictrade.co\/web_2025\/wp-json\/wp\/v2\/pages\/19\/revisions"}],"predecessor-version":[{"id":2146,"href":"https:\/\/logictrade.co\/web_2025\/wp-json\/wp\/v2\/pages\/19\/revisions\/2146"}],"wp:featuredmedia":[{"embeddable":true,"href":"https:\/\/logictrade.co\/web_2025\/wp-json\/wp\/v2\/media\/2136"}],"wp:attachment":[{"href":"https:\/\/logictrade.co\/web_2025\/wp-json\/wp\/v2\/media?parent=19"}],"curies":[{"name":"wp","href":"https:\/\/api.w.org\/{rel}","templated":true}]}}