{"id":17,"date":"2016-11-03T15:19:05","date_gmt":"2016-11-03T15:19:05","guid":{"rendered":"https:\/\/logictrade.co\/web_2025\/?page_id=17"},"modified":"2026-03-15T23:21:12","modified_gmt":"2026-03-16T04:21:12","slug":"productos","status":"publish","type":"page","link":"https:\/\/logictrade.co\/web_2025\/productos\/","title":{"rendered":"Productos"},"content":{"rendered":"<div class=\"wpb-content-wrapper\"><p>[vc_row css_animation=\u00bbfadeIn\u00bb][vc_column][vc_empty_space height=\u00bb3em\u00bb alter_height=\u00bbnone\u00bb hide_on_mobile=\u00bb\u00bb]<div id=\"sc_icons_474865676\" \n\tclass=\"sc_icons sc_icons_default sc_icons_size_small sc_align_center\"><div class=\"sc_icons_item\"><div class=\"sc_icons_image\"><img decoding=\"async\" src=\"https:\/\/logictrade.co\/web_2025\/wp-content\/uploads\/2026\/01\/Gemini_Generated_Image_1nfd801nfd801nfd-removebg-preview-copia.png\" alt=\"\" width=\"193\" height=\"196\"><\/div><\/div><\/div><!-- \/.sc_icons -->[vc_empty_space height=\u00bb2em\u00bb alter_height=\u00bbnone\u00bb hide_on_mobile=\u00bb\u00bb][vc_column_text css=\u00bb\u00bb]<\/p>\n<h2 style=\"text-align: center;\"><strong>INDUSTRIA PL\u00c1STICA<\/strong><\/h2>\n<p>[\/vc_column_text][vc_empty_space height=\u00bb2em\u00bb alter_height=\u00bbnone\u00bb hide_on_mobile=\u00bb\u00bb][vc_column_text css=\u00bb\u00bb]<\/p>\n<ul type=\"disc\">\n<li class=\"v1m_-5524306503711482921MsoListParagraph\">\n<h6><span lang=\"ES\">Importaci\u00f3n de Resinas de policarbonato<u><\/u><u><\/u><\/span><\/h6>\n<\/li>\n<li class=\"v1m_-5524306503711482921MsoListParagraph\">\n<h6><span lang=\"ES\">Comercializaci\u00f3n de Pl\u00e1sticos recuperados (PVC, HDPE)<u><\/u><u><\/u><\/span><\/h6>\n<\/li>\n<li class=\"v1m_-5524306503711482921MsoListParagraph\">\n<h6><span lang=\"ES\">Exportaci\u00f3n de Policarbonato recuperado de garraf\u00f3n de agua<\/span><\/h6>\n<\/li>\n<\/ul>\n<p>[\/vc_column_text][vc_empty_space height=\u00bb2em\u00bb alter_height=\u00bbnone\u00bb hide_on_mobile=\u00bb\u00bb][\/vc_column][\/vc_row][vc_row css_animation=\u00bbfadeIn\u00bb][vc_column width=\u00bb1\/2&#8243;][vc_images_carousel images=\u00bb2084,2088,2087,2086,2085,2082,2089,2081,2080,2078&#8243; img_size=\u00bb1300X1300&#8243; speed=\u00bb3000&#8243; slides_per_view=\u00bb4&#8243; autoplay=\u00bbyes\u00bb css=\u00bb\u00bb][vc_empty_space height=\u00bb2em\u00bb alter_height=\u00bbnone\u00bb hide_on_mobile=\u00bb\u00bb][\/vc_column][vc_column width=\u00bb1\/2&#8243;][\/vc_column][\/vc_row][vc_row css_animation=\u00bbfadeIn\u00bb][vc_column][vc_video link=\u00bbhttps:\/\/youtube.com\/shorts\/mpRRrcvA9HI\u00bb el_width=\u00bb30&#8243; el_aspect=\u00bb34&#8243; align=\u00bbcenter\u00bb css=\u00bb\u00bb][vc_empty_space height=\u00bb10em\u00bb alter_height=\u00bbnone\u00bb hide_on_mobile=\u00bb\u00bb][\/vc_column][\/vc_row][vc_row css_animation=\u00bbfadeIn\u00bb][vc_column][vc_empty_space height=\u00bb5em\u00bb alter_height=\u00bbnone\u00bb hide_on_mobile=\u00bb\u00bb][\/vc_column][\/vc_row]<\/p>\n<\/div>","protected":false},"excerpt":{"rendered":"<p>[vc_row css_animation=\u00bbfadeIn\u00bb][vc_column][vc_empty_space height=\u00bb3em\u00bb alter_height=\u00bbnone\u00bb hide_on_mobile=\u00bb\u00bb][vc_empty_space height=\u00bb2em\u00bb alter_height=\u00bbnone\u00bb hide_on_mobile=\u00bb\u00bb][vc_column_text css=\u00bb\u00bb] INDUSTRIA PL\u00c1STICA [\/vc_column_text][vc_empty_space height=\u00bb2em\u00bb alter_height=\u00bbnone\u00bb hide_on_mobile=\u00bb\u00bb][vc_column_text css=\u00bb\u00bb] Importaci\u00f3n de Resinas de policarbonato Comercializaci\u00f3n de Pl\u00e1sticos recuperados (PVC, HDPE) Exportaci\u00f3n de Policarbonato recuperado de garraf\u00f3n de agua [\/vc_column_text][vc_empty_space height=\u00bb2em\u00bb alter_height=\u00bbnone\u00bb hide_on_mobile=\u00bb\u00bb][\/vc_column][\/vc_row][vc_row css_animation=\u00bbfadeIn\u00bb][vc_column width=\u00bb1\/2&#8243;][vc_images_carousel images=\u00bb2084,2088,2087,2086,2085,2082,2089,2081,2080,2078&#8243; img_size=\u00bb1300X1300&#8243; speed=\u00bb3000&#8243; slides_per_view=\u00bb4&#8243; autoplay=\u00bbyes\u00bb css=\u00bb\u00bb][vc_empty_space height=\u00bb2em\u00bb alter_height=\u00bbnone\u00bb hide_on_mobile=\u00bb\u00bb][\/vc_column][vc_column width=\u00bb1\/2&#8243;][\/vc_column][\/vc_row][vc_row css_animation=\u00bbfadeIn\u00bb][vc_column][vc_video link=\u00bbhttps:\/\/youtube.com\/shorts\/mpRRrcvA9HI\u00bb el_width=\u00bb30&#8243; el_aspect=\u00bb34&#8243; align=\u00bbcenter\u00bb css=\u00bb\u00bb][vc_empty_space height=\u00bb10em\u00bb alter_height=\u00bbnone\u00bb hide_on_mobile=\u00bb\u00bb][\/vc_column][\/vc_row][vc_row&hellip;<\/p>\n","protected":false},"author":1,"featured_media":1424,"parent":0,"menu_order":0,"comment_status":"closed","ping_status":"closed","template":"","meta":{"footnotes":""},"class_list":["post-17","page","type-page","status-publish","has-post-thumbnail","hentry"],"_links":{"self":[{"href":"https:\/\/logictrade.co\/web_2025\/wp-json\/wp\/v2\/pages\/17","targetHints":{"allow":["GET"]}}],"collection":[{"href":"https:\/\/logictrade.co\/web_2025\/wp-json\/wp\/v2\/pages"}],"about":[{"href":"https:\/\/logictrade.co\/web_2025\/wp-json\/wp\/v2\/types\/page"}],"author":[{"embeddable":true,"href":"https:\/\/logictrade.co\/web_2025\/wp-json\/wp\/v2\/users\/1"}],"replies":[{"embeddable":true,"href":"https:\/\/logictrade.co\/web_2025\/wp-json\/wp\/v2\/comments?post=17"}],"version-history":[{"count":111,"href":"https:\/\/logictrade.co\/web_2025\/wp-json\/wp\/v2\/pages\/17\/revisions"}],"predecessor-version":[{"id":2175,"href":"https:\/\/logictrade.co\/web_2025\/wp-json\/wp\/v2\/pages\/17\/revisions\/2175"}],"wp:featuredmedia":[{"embeddable":true,"href":"https:\/\/logictrade.co\/web_2025\/wp-json\/wp\/v2\/media\/1424"}],"wp:attachment":[{"href":"https:\/\/logictrade.co\/web_2025\/wp-json\/wp\/v2\/media?parent=17"}],"curies":[{"name":"wp","href":"https:\/\/api.w.org\/{rel}","templated":true}]}}